{"id":69,"date":"2011-02-15T08:27:34","date_gmt":"2011-02-15T08:27:34","guid":{"rendered":"http:\/\/www.gi-zrmk.eu\/enforce\/?page_id=69"},"modified":"2011-04-18T12:57:23","modified_gmt":"2011-04-18T12:57:23","slug":"enforce-klicni-center","status":"publish","type":"page","link":"http:\/\/www.gi-zrmk.eu\/enforce\/enforce-klicni-center\/","title":{"rendered":"ENFORCE KLICNI CENTER"},"content":{"rendered":"<p style=\"text-align: justify;\">\u00a0V sklopu projekta deluje ENFORCE klicni center za ob\u010dane, ki je brezpla\u010den. S klicem na telefonsko \u0161tevilko <strong>080 1669<\/strong> lahko ob\u010dani pridobijo splo\u0161ne napotke o svetovanju in financiranju nalo\u017eb v energijsko u\u010dinkovitost, hitro okvirno oceno energijske kakovosti njihove stavbe, izdelano na podlagi preko spleta posredovanih najpomembnej\u0161ih energijskih lastnosti hi\u0161e, ter tehni\u010dne nasvete v okviru telefonskega razgovora s strokovnjakom. Preko klicnega centra lahko ob\u010dani tudi vzpostavijo kontakt s strokovno usposobljenimi energetskimi pregledniki in svetovalci, \u010dlani ENFORCE mre\u017ee. Splo\u0161ne storitve klicnega centra so za ob\u010dane brezpla\u010dne.<\/p>\n<p>\u00a0<\/p>\n<p style=\"text-align: center;\"><strong><a href=\"http:\/\/www.gi-zrmk.eu\/enforce\/wp-content\/uploads\/2011\/03\/enforce8-e1300268165447.png\"><img loading=\"lazy\" decoding=\"async\" class=\"size-medium wp-image-239 aligncenter\" title=\"enforce8\" src=\"http:\/\/www.gi-zrmk.eu\/enforce\/wp-content\/uploads\/2011\/03\/enforce8-300x281.png\" alt=\"\" width=\"300\" height=\"281\" \/><\/a><\/strong><\/p>\n","protected":false},"excerpt":{"rendered":"<p>\u00a0V sklopu projekta deluje ENFORCE klicni center za ob\u010dane, ki je brezpla\u010den. S klicem na telefonsko \u0161tevilko 080 1669 lahko ob\u010dani pridobijo splo\u0161ne napotke o svetovanju in financiranju nalo\u017eb v energijsko u\u010dinkovitost, hitro okvirno oceno energijske kakovosti njihove stavbe, izdelano &hellip; <a href=\"http:\/\/www.gi-zrmk.eu\/enforce\/enforce-klicni-center\/\">Continue reading <span class=\"meta-nav\">&rarr;<\/span><\/a><\/p>\n","protected":false},"author":1,"featured_media":0,"parent":0,"menu_order":0,"comment_status":"closed","ping_status":"open","template":"","meta":{"footnotes":""},"_links":{"self":[{"href":"http:\/\/www.gi-zrmk.eu\/enforce\/wp-json\/wp\/v2\/pages\/69"}],"collection":[{"href":"http:\/\/www.gi-zrmk.eu\/enforce\/wp-json\/wp\/v2\/pages"}],"about":[{"href":"http:\/\/www.gi-zrmk.eu\/enforce\/wp-json\/wp\/v2\/types\/page"}],"author":[{"embeddable":true,"href":"http:\/\/www.gi-zrmk.eu\/enforce\/wp-json\/wp\/v2\/users\/1"}],"replies":[{"embeddable":true,"href":"http:\/\/www.gi-zrmk.eu\/enforce\/wp-json\/wp\/v2\/comments?post=69"}],"version-history":[{"count":5,"href":"http:\/\/www.gi-zrmk.eu\/enforce\/wp-json\/wp\/v2\/pages\/69\/revisions"}],"predecessor-version":[{"id":105,"href":"http:\/\/www.gi-zrmk.eu\/enforce\/wp-json\/wp\/v2\/pages\/69\/revisions\/105"}],"wp:attachment":[{"href":"http:\/\/www.gi-zrmk.eu\/enforce\/wp-json\/wp\/v2\/media?parent=69"}],"curies":[{"name":"wp","href":"https:\/\/api.w.org\/{rel}","templated":true}]}}