{"id":19,"date":"2011-05-19T13:08:53","date_gmt":"2011-05-19T13:08:53","guid":{"rendered":"http:\/\/www.gi-zrmk.eu\/esoli\/?page_id=19"},"modified":"2011-09-15T11:17:31","modified_gmt":"2011-09-15T11:17:31","slug":"usposabljanja","status":"publish","type":"page","link":"http:\/\/www.gi-zrmk.eu\/esoli\/?page_id=19","title":{"rendered":"USPOSABLJANJA"},"content":{"rendered":"<p style=\"text-align: justify;\"><strong>Usposabljanje izvajalcev in upravljalcev cestne razsvetljave<\/strong><\/p>\n<p style=\"text-align: justify;\">V slopu projekta ESOLi bo organizirano usposabljanje izvajalcev in upravljavcev cestne razsvetljave. Izobra\u017eevalne dejavnosti projekta potekajo v sodelovanju s pano\u017enimi institucijami za standardizacijo in tehni\u010dno zakonodajo. To\u010den datum usposabljanja bo objavljen mesec dni pred za\u010detkom.<\/p>\n<p style=\"text-align: justify;\"><strong>Tematske delavnice (Workshops)<\/strong><\/p>\n<p style=\"text-align: justify;\">Za\u00a0promocijo projekta ter prenos informacij o energijsko u\u010dinkoviti javni razsvetljavi\u00a0bosta v vsaki dr\u017eavi partnerici organizirani delavnici namenjeni predvsem predstavnikom lokalnih skupnosti. V Sloveniji je ena izmed delavnic potekala v okviru\u00a0strokovnih predavanj\u00a0dne 10.3.2011 na <a href=\"http:\/\/www.gr-sejem.si\/sejmi\/koledar-sejmov\/sejem-dom\/strokovna-predavanja\/\" target=\"_blank\">sejmu Dom<\/a>, druga pa dne 12.7.2011 v okviru delavnice <a href=\"http:\/\/www.rec-lj.si\/projekti\/INTENSE\/aktualno_intense.htm\" target=\"_blank\">Konvencija \u017eupanov za pripravo akcijskega na\u010dta za trajnostno oskrbo z energijo<\/a>.<\/p>\n","protected":false},"excerpt":{"rendered":"<p>Usposabljanje izvajalcev in upravljalcev cestne razsvetljave V slopu projekta ESOLi bo organizirano usposabljanje izvajalcev in upravljavcev cestne razsvetljave. Izobra\u017eevalne dejavnosti projekta potekajo v sodelovanju s pano\u017enimi institucijami za standardizacijo in tehni\u010dno zakonodajo. To\u010den datum usposabljanja bo objavljen mesec dni pred &hellip; <a href=\"http:\/\/www.gi-zrmk.eu\/esoli\/?page_id=19\">Continue reading <span class=\"meta-nav\">&rarr;<\/span><\/a><\/p>\n","protected":false},"author":1,"featured_media":0,"parent":0,"menu_order":0,"comment_status":"closed","ping_status":"closed","template":"","meta":{"footnotes":""},"_links":{"self":[{"href":"http:\/\/www.gi-zrmk.eu\/esoli\/index.php?rest_route=\/wp\/v2\/pages\/19"}],"collection":[{"href":"http:\/\/www.gi-zrmk.eu\/esoli\/index.php?rest_route=\/wp\/v2\/pages"}],"about":[{"href":"http:\/\/www.gi-zrmk.eu\/esoli\/index.php?rest_route=\/wp\/v2\/types\/page"}],"author":[{"embeddable":true,"href":"http:\/\/www.gi-zrmk.eu\/esoli\/index.php?rest_route=\/wp\/v2\/users\/1"}],"replies":[{"embeddable":true,"href":"http:\/\/www.gi-zrmk.eu\/esoli\/index.php?rest_route=%2Fwp%2Fv2%2Fcomments&post=19"}],"version-history":[{"count":0,"href":"http:\/\/www.gi-zrmk.eu\/esoli\/index.php?rest_route=\/wp\/v2\/pages\/19\/revisions"}],"wp:attachment":[{"href":"http:\/\/www.gi-zrmk.eu\/esoli\/index.php?rest_route=%2Fwp%2Fv2%2Fmedia&parent=19"}],"curies":[{"name":"wp","href":"https:\/\/api.w.org\/{rel}","templated":true}]}}