{"id":4,"date":"2011-05-19T12:45:58","date_gmt":"2011-05-19T12:45:58","guid":{"rendered":"http:\/\/www.gi-zrmk.eu\/esoli\/?page_id=4"},"modified":"2011-06-29T13:12:16","modified_gmt":"2011-06-29T13:12:16","slug":"o-projektu","status":"publish","type":"page","link":"http:\/\/www.gi-zrmk.eu\/esoli\/","title":{"rendered":"O PROJEKTU"},"content":{"rendered":"<p style=\"text-align: justify;\">Namen projekta ESOLi (ang.: Energy Saving Outdoor Lighting) je premagovanje dvomov in ovir glede u\u010dinkovitosti in zanesljivosti novih tehnologij, informiranje o mo\u017enostih njihove uporabe in preverjanje finan\u010dnih modelov za prakti\u010dno implementacijo. Projekt je usmerjen predvsem v prenos znanja, razvoj inovativnih finan\u010dnih mehanizmov in v oblikovanje mre\u017ee razli\u010dnih dele\u017enikov s podro\u010dja razsvetljave. Kon\u010dni cilj je tudi na podlagi izvedbe pilotnih projektov sodobne javne razsvetljave pospe\u0161iti uvajanje energetsko u\u010dinkovitih tehnologij in tako prispevati k zmanj\u0161anju stro\u0161kov za energijo in izpustov CO<sub>2<\/sub>.<\/p>\n<p style=\"text-align: justify;\">ESOLi ponuja informacije in nasvete lokalnim skupnostim v zvezi z na\u010delnimi in podrobnimi vpra\u0161anje o sodobni javni razsvetljavi. Organizirane bodo tematske delavnice in pripravljen katalog primerov dobre prakse. Pomembna izdelka projekta bosta ra\u010dunsko orodje za primerjavo energijskih kazalnikov (benchmarking) in priro\u010dnik za oblikovanje razpisne dokumentacije s pripadajo\u010dimi tehni\u010dnimi podrobnostmi, ki bo v veliko korist pri obveznem izvajanju zelenih javnih naro\u010dil. Organizirano bo tudi usposabljanje izvajalcev in upravljavcev cestne razsvetljave. Projektne dejavnosti potekajo v sodelovanju s pano\u017enimi institucijami za standardizacijo in tehni\u010dno zakonodajo.<\/p>\n<p style=\"text-align: justify;\">Projekt ESOLi, ki traja od meseca maja 2010 do konca aprila 2013,\u00a0sofinancira Evropska komisija v okviru programa Inteligentna energija Evropa (ang: Intelligent Energy &#8211; Europe), slovensko sodelovanje pri projektu je finan\u010dno podprlo Ministrstvo za gospodarstvo.<\/p>\n<p style=\"text-align: justify;\">ESOLi projektni konzorcij sestavlja 16 partnerjev iz 14 evropskih dr\u017eav. Koordinator projekta je berlinska agencija za energijo (ang.: Berlin Energy Agency LTD). V projektu sodelujo\u010de dr\u017eave so: Belgija, Bolgarija, \u010ce\u0161ka, Finska, Nem\u010dija, Irska, Italija, Latvija, Norve\u0161ka, Poljska, Slovenija, \u0160panija, \u0160vedska in Nizozemska.<\/p>\n<p style=\"text-align: justify;\"><a href=\"http:\/\/www.esoli.org\/\" target=\"_blank\">Povezava na mednarodno spletno stran projekta ESOLi<\/a><\/p>\n","protected":false},"excerpt":{"rendered":"<p>Namen projekta ESOLi (ang.: Energy Saving Outdoor Lighting) je premagovanje dvomov in ovir glede u\u010dinkovitosti in zanesljivosti novih tehnologij, informiranje o mo\u017enostih njihove uporabe in preverjanje finan\u010dnih modelov za prakti\u010dno implementacijo. Projekt je usmerjen predvsem v prenos znanja, razvoj inovativnih &hellip; <a href=\"http:\/\/www.gi-zrmk.eu\/esoli\/\">Continue reading <span class=\"meta-nav\">&rarr;<\/span><\/a><\/p>\n","protected":false},"author":1,"featured_media":0,"parent":0,"menu_order":0,"comment_status":"closed","ping_status":"closed","template":"","meta":{"footnotes":""},"_links":{"self":[{"href":"http:\/\/www.gi-zrmk.eu\/esoli\/index.php?rest_route=\/wp\/v2\/pages\/4"}],"collection":[{"href":"http:\/\/www.gi-zrmk.eu\/esoli\/index.php?rest_route=\/wp\/v2\/pages"}],"about":[{"href":"http:\/\/www.gi-zrmk.eu\/esoli\/index.php?rest_route=\/wp\/v2\/types\/page"}],"author":[{"embeddable":true,"href":"http:\/\/www.gi-zrmk.eu\/esoli\/index.php?rest_route=\/wp\/v2\/users\/1"}],"replies":[{"embeddable":true,"href":"http:\/\/www.gi-zrmk.eu\/esoli\/index.php?rest_route=%2Fwp%2Fv2%2Fcomments&post=4"}],"version-history":[{"count":0,"href":"http:\/\/www.gi-zrmk.eu\/esoli\/index.php?rest_route=\/wp\/v2\/pages\/4\/revisions"}],"wp:attachment":[{"href":"http:\/\/www.gi-zrmk.eu\/esoli\/index.php?rest_route=%2Fwp%2Fv2%2Fmedia&parent=4"}],"curies":[{"name":"wp","href":"https:\/\/api.w.org\/{rel}","templated":true}]}}