{"id":9,"date":"2011-05-19T12:45:42","date_gmt":"2011-05-19T12:45:42","guid":{"rendered":"http:\/\/www.gi-zrmk.eu\/esoli\/?page_id=9"},"modified":"2011-06-02T09:47:36","modified_gmt":"2011-06-02T09:47:36","slug":"esoli-partnerji","status":"publish","type":"page","link":"http:\/\/www.gi-zrmk.eu\/esoli\/?page_id=9","title":{"rendered":"ESOLi PARTNERJI"},"content":{"rendered":"<p><a href=\"http:\/\/www.gi-zrmk.eu\/enforce\/wp-content\/uploads\/2011\/02\/intelegint.jpg\"><img loading=\"lazy\" decoding=\"async\" title=\"IEE_logo_Q_23_Horiz_SansDrapeau\" src=\"http:\/\/www.gi-zrmk.eu\/enforce\/wp-content\/uploads\/2011\/02\/intelegint-300x59.jpg\" alt=\"\" width=\"318\" height=\"67\" \/><\/a><\/p>\n<ul>\n<li><a href=\"http:\/\/berliner-e-agentur.de\/\" target=\"_blank\">BEA<\/a> (Nem\u010dija)<\/li>\n<li><a href=\"http:\/\/www.bsrec.bg\/\" target=\"_blank\">BSREC<\/a> (Bulgarija)<\/li>\n<li><a href=\"http:\/\/www.ekodoma.lv\/index.php?lang=en\" target=\"_blank\">Ekodoma<\/a> (Latvija)<\/li>\n<li><a href=\"http:\/\/www.elcfed.org\/\" target=\"_blank\">ELC<\/a> (Belgija)<\/li>\n<li><a href=\"http:\/\/www.eltodo.cz\/en\/index.html\" target=\"_blank\">ELTODO<\/a> (\u010ce\u0161ka)<\/li>\n<li><a href=\"http:\/\/www.gruppoimpresa.it\/default.aspx\" target=\"_blank\">GIF<\/a> (Italija)<\/li>\n<li><a href=\"http:\/\/www.goteborg.se\/wps\/portal#\" target=\"_blank\">GOT<\/a> (\u0160vedska)<\/li>\n<li><a href=\"http:\/\/www.jrl.si\/\" target=\"_blank\">JAVNA RAZSVETLJAVA<\/a>\u00a0(Slovenija)\u00a0<\/li>\n<li><a href=\"http:\/\/www.kape.gov.pl\/EN\/index.phtml\" target=\"_blank\">KAPE<\/a> (Poljska)<\/li>\n<li><a href=\"http:\/\/www.luminext.eu\/index.php\/en\" target=\"_blank\">Luminext<\/a> (Nizozemska)<\/li>\n<li><a href=\"http:\/\/www.oslo.kommune.no\/english\/\" target=\"_blank\">City of Oslo<\/a> (Norve\u0161ka)<\/li>\n<li><a href=\"http:\/\/www.sece.com\/uk\/index.asp\" target=\"_blank\">SECE<\/a> (\u0160panija)<\/li>\n<li><a href=\"http:\/\/www.selc.ie\/\" target=\"_blank\">SELC<\/a> (Irska)<\/li>\n<li><a href=\"http:\/\/www.svn.cz\/en\" target=\"_blank\">SEVEn<\/a> (\u010ce\u0161ka)<\/li>\n<li><a href=\"http:\/\/www.sito.fi\/en\/\" target=\"_blank\">SITO<\/a> (Finska)<\/li>\n<li><a href=\"http:\/\/www.gi-zrmk.si\/\" target=\"_blank\">GI ZRMK<\/a> (Slovenija)<\/li>\n<\/ul>\n<p><a href=\"http:\/\/www.gi-zrmk.eu\/enforce\/wp-content\/uploads\/2011\/02\/zrmk.jpg\"><img loading=\"lazy\" decoding=\"async\" title=\"zrmk\" src=\"http:\/\/www.gi-zrmk.eu\/enforce\/wp-content\/uploads\/2011\/02\/zrmk-300x134.jpg\" alt=\"\" width=\"279\" height=\"107\" \/><\/a><\/p>\n<p><a href=\"http:\/\/www.esoli.org\" target=\"_blank\">Povezava na mednarodno spletno stran projekta ESOLi<\/a><\/p>\n<p><a href=\"http:\/\/www.gi-zrmk.eu\/enforce\/wp-content\/uploads\/2011\/02\/zrmk.jpg\"><\/a><\/p>\n","protected":false},"excerpt":{"rendered":"<p>BEA (Nem\u010dija) BSREC (Bulgarija) Ekodoma (Latvija) ELC (Belgija) ELTODO (\u010ce\u0161ka) GIF (Italija) GOT (\u0160vedska) JAVNA RAZSVETLJAVA\u00a0(Slovenija)\u00a0 KAPE (Poljska) Luminext (Nizozemska) City of Oslo (Norve\u0161ka) SECE (\u0160panija) SELC (Irska) SEVEn (\u010ce\u0161ka) SITO (Finska) GI ZRMK (Slovenija) Povezava na mednarodno spletno stran &hellip; <a href=\"http:\/\/www.gi-zrmk.eu\/esoli\/?page_id=9\">Continue reading <span class=\"meta-nav\">&rarr;<\/span><\/a><\/p>\n","protected":false},"author":1,"featured_media":0,"parent":0,"menu_order":0,"comment_status":"closed","ping_status":"closed","template":"","meta":{"footnotes":""},"_links":{"self":[{"href":"http:\/\/www.gi-zrmk.eu\/esoli\/index.php?rest_route=\/wp\/v2\/pages\/9"}],"collection":[{"href":"http:\/\/www.gi-zrmk.eu\/esoli\/index.php?rest_route=\/wp\/v2\/pages"}],"about":[{"href":"http:\/\/www.gi-zrmk.eu\/esoli\/index.php?rest_route=\/wp\/v2\/types\/page"}],"author":[{"embeddable":true,"href":"http:\/\/www.gi-zrmk.eu\/esoli\/index.php?rest_route=\/wp\/v2\/users\/1"}],"replies":[{"embeddable":true,"href":"http:\/\/www.gi-zrmk.eu\/esoli\/index.php?rest_route=%2Fwp%2Fv2%2Fcomments&post=9"}],"version-history":[{"count":0,"href":"http:\/\/www.gi-zrmk.eu\/esoli\/index.php?rest_route=\/wp\/v2\/pages\/9\/revisions"}],"wp:attachment":[{"href":"http:\/\/www.gi-zrmk.eu\/esoli\/index.php?rest_route=%2Fwp%2Fv2%2Fmedia&parent=9"}],"curies":[{"name":"wp","href":"https:\/\/api.w.org\/{rel}","templated":true}]}}